{"id":281,"date":"2023-08-28T15:28:11","date_gmt":"2023-08-28T13:28:11","guid":{"rendered":"https:\/\/codewithme.fr\/mon_premier_site\/?page_id=281"},"modified":"2023-08-29T13:46:51","modified_gmt":"2023-08-29T11:46:51","slug":"cours-enfants","status":"publish","type":"page","link":"https:\/\/codewithme.fr\/mon_premier_site\/cours-enfants\/","title":{"rendered":"Cours Enfants"},"content":{"rendered":"<p>[et_pb_section fb_built=\u00a0\u00bb1&Prime; fullwidth=\u00a0\u00bbon\u00a0\u00bb _builder_version=\u00a0\u00bb4.22.1&Prime; _module_preset=\u00a0\u00bbdefault\u00a0\u00bb hover_enabled=\u00a0\u00bb0&Prime; global_colors_info=\u00a0\u00bb{}\u00a0\u00bb sticky_enabled=\u00a0\u00bb0&Prime;][et_pb_fullwidth_header _builder_version=\u00a0\u00bb4.22.1&Prime; _module_preset=\u00a0\u00bbdefault\u00a0\u00bb title_font=\u00a0\u00bb|600|||||||\u00a0\u00bb title_font_size=\u00a0\u00bb36px\u00a0\u00bb content_font_size=\u00a0\u00bb25px\u00a0\u00bb background_enable_color=\u00a0\u00bboff\u00a0\u00bb use_background_color_gradient=\u00a0\u00bbon\u00a0\u00bb background_color_gradient_direction=\u00a0\u00bb169deg\u00a0\u00bb background_color_gradient_stops=\u00a0\u00bb#e43326 0%|#1e4282 97%\u00a0\u00bb animation_direction=\u00a0\u00bbleft\u00a0\u00bb hover_enabled=\u00a0\u00bb0&Prime; global_colors_info=\u00a0\u00bb{}\u00a0\u00bb sticky_enabled=\u00a0\u00bb0&Prime;]<\/p>\n<h1 class=\"et_pb_module_header\">P\u00e9dagogie appliqu\u00e9e avec les enfants<\/h1>\n<p><span class=\"et_pb_fullwidth_header_subhead\">(Baby &amp; Enfants)<\/span><\/p>\n<p>[\/et_pb_fullwidth_header][\/et_pb_section][et_pb_section fb_built=\u00a0\u00bb1&Prime; _builder_version=\u00a0\u00bb4.21.0&Prime; _module_preset=\u00a0\u00bbdefault\u00a0\u00bb custom_padding=\u00a0\u00bb95px|||||\u00a0\u00bb bottom_divider_style=\u00a0\u00bbslant\u00a0\u00bb bottom_divider_color=\u00a0\u00bb#1E4282&Prime; bottom_divider_height=\u00a0\u00bb57px\u00a0\u00bb bottom_divider_repeat=\u00a0\u00bb1x\u00a0\u00bb bottom_divider_flip=\u00a0\u00bbvertical\u00a0\u00bb global_colors_info=\u00a0\u00bb{}\u00a0\u00bb][et_pb_row column_structure=\u00a0\u00bb1_2,1_2&Prime; _builder_version=\u00a0\u00bb4.21.0&Prime; _module_preset=\u00a0\u00bbdefault\u00a0\u00bb global_colors_info=\u00a0\u00bb{}\u00a0\u00bb][et_pb_column type=\u00a0\u00bb1_2&Prime; _builder_version=\u00a0\u00bb4.21.0&Prime; _module_preset=\u00a0\u00bbdefault\u00a0\u00bb global_colors_info=\u00a0\u00bb{}\u00a0\u00bb][et_pb_text _builder_version=\u00a0\u00bb4.22.1&Prime; _module_preset=\u00a0\u00bbdefault\u00a0\u00bb text_font_size=\u00a0\u00bb16px\u00a0\u00bb text_line_height=\u00a0\u00bb2.2em\u00a0\u00bb animation_style=\u00a0\u00bbzoom\u00a0\u00bb global_colors_info=\u00a0\u00bb{}\u00a0\u00bb]<\/p>\n<p>Pour les enfants, l&rsquo;approche p\u00e9dagogique se veut progressive et ludique.<\/p>\n<p>Pour les Baby l&rsquo;objectif est la ma\u00eetrise de ses d\u00e9placements, de ses membres, et une initiation aux techniques martiales de base. Les frappes se font sur des cibles en mousse \u00e0 faible r\u00e9sistance.<\/p>\n<p>Pour les plus grands le contenu technique est plus important, et viennent \u00e9galement\u00a0les oppositions physiques. Les frappes peuvent se faire sur des cibles \u00e0 plus forte r\u00e9sistance, et\u00a0on aborde \u00e9galement les situations de combats souples et de self-d\u00e9fense.<\/p>\n<p>Dans les diff\u00e9rentes sections, le professeur alterne entres phases d&rsquo;apprentissage de techniques, d&rsquo;\u00e9veil aux d\u00e9placements, et jeux.<\/p>\n<p>Les enfants petits et grands apprennent donc en s&rsquo;amusant!<\/p>\n<p>[\/et_pb_text][\/et_pb_column][et_pb_column type=\u00a0\u00bb1_2&Prime; _builder_version=\u00a0\u00bb4.21.0&Prime; _module_preset=\u00a0\u00bbdefault\u00a0\u00bb global_colors_info=\u00a0\u00bb{}\u00a0\u00bb][et_pb_video src=\u00a0\u00bbhttps:\/\/www.youtube.com\/watch?v=6Rx1jXCGdL4&Prime; _builder_version=\u00a0\u00bb4.22.1&Prime; _module_preset=\u00a0\u00bbdefault\u00a0\u00bb animation_style=\u00a0\u00bbslide\u00a0\u00bb animation_direction=\u00a0\u00bbright\u00a0\u00bb border_radii=\u00a0\u00bbon|20px|20px|20px|20px\u00a0\u00bb global_colors_info=\u00a0\u00bb{}\u00a0\u00bb][\/et_pb_video][\/et_pb_column][\/et_pb_row][\/et_pb_section]<\/p>\n","protected":false},"excerpt":{"rendered":"<p>P\u00e9dagogie appliqu\u00e9e avec les enfants (Baby &amp; Enfants)Pour les enfants, l&rsquo;approche p\u00e9dagogique se veut progressive et ludique. Pour les Baby l&rsquo;objectif est la ma\u00eetrise de ses d\u00e9placements, de ses membres, et une initiation aux techniques martiales de base. Les frappes se font sur des cibles en mousse \u00e0 faible r\u00e9sistance. Pour les plus grands le [&hellip;]<\/p>\n","protected":false},"author":1,"featured_media":0,"parent":0,"menu_order":0,"comment_status":"closed","ping_status":"closed","template":"","meta":{"_et_pb_use_builder":"on","_et_pb_old_content":"","_et_gb_content_width":"","footnotes":""},"class_list":["post-281","page","type-page","status-publish","hentry"],"yoast_head":"<!-- This site is optimized with the Yoast SEO plugin v22.4 - https:\/\/yoast.com\/wordpress\/plugins\/seo\/ -->\n<title>Cours Enfants - mon_premier_site<\/title>\n<meta name=\"robots\" content=\"index, follow, max-snippet:-1, max-image-preview:large, max-video-preview:-1\" \/>\n<link rel=\"canonical\" href=\"http:\/\/codewithme.fr\/mon_premier_site\/cours-enfants\/\" \/>\n<meta property=\"og:locale\" content=\"fr_FR\" \/>\n<meta property=\"og:type\" content=\"article\" \/>\n<meta property=\"og:title\" content=\"Cours Enfants - mon_premier_site\" \/>\n<meta property=\"og:description\" content=\"P\u00e9dagogie appliqu\u00e9e avec les enfants (Baby &amp; Enfants)Pour les enfants, l&#039;approche p\u00e9dagogique se veut progressive et ludique. Pour les Baby l&#039;objectif est la ma\u00eetrise de ses d\u00e9placements, de ses membres, et une initiation aux techniques martiales de base. Les frappes se font sur des cibles en mousse \u00e0 faible r\u00e9sistance. Pour les plus grands le [&hellip;]\" \/>\n<meta property=\"og:url\" content=\"http:\/\/codewithme.fr\/mon_premier_site\/cours-enfants\/\" \/>\n<meta property=\"og:site_name\" content=\"mon_premier_site\" \/>\n<meta property=\"article:modified_time\" content=\"2023-08-29T11:46:51+00:00\" \/>\n<meta name=\"twitter:card\" content=\"summary_large_image\" \/>\n<script type=\"application\/ld+json\" class=\"yoast-schema-graph\">{\"@context\":\"https:\/\/schema.org\",\"@graph\":[{\"@type\":\"WebPage\",\"@id\":\"http:\/\/codewithme.fr\/mon_premier_site\/cours-enfants\/\",\"url\":\"http:\/\/codewithme.fr\/mon_premier_site\/cours-enfants\/\",\"name\":\"Cours Enfants - mon_premier_site\",\"isPartOf\":{\"@id\":\"http:\/\/codewithme.fr\/mon_premier_site\/#website\"},\"datePublished\":\"2023-08-28T13:28:11+00:00\",\"dateModified\":\"2023-08-29T11:46:51+00:00\",\"breadcrumb\":{\"@id\":\"http:\/\/codewithme.fr\/mon_premier_site\/cours-enfants\/#breadcrumb\"},\"inLanguage\":\"fr-FR\",\"potentialAction\":[{\"@type\":\"ReadAction\",\"target\":[\"http:\/\/codewithme.fr\/mon_premier_site\/cours-enfants\/\"]}]},{\"@type\":\"BreadcrumbList\",\"@id\":\"http:\/\/codewithme.fr\/mon_premier_site\/cours-enfants\/#breadcrumb\",\"itemListElement\":[{\"@type\":\"ListItem\",\"position\":1,\"name\":\"Accueil\",\"item\":\"https:\/\/codewithme.fr\/mon_premier_site\/\"},{\"@type\":\"ListItem\",\"position\":2,\"name\":\"Cours Enfants\"}]},{\"@type\":\"WebSite\",\"@id\":\"http:\/\/codewithme.fr\/mon_premier_site\/#website\",\"url\":\"http:\/\/codewithme.fr\/mon_premier_site\/\",\"name\":\"mon_premier_site\",\"description\":\"\",\"potentialAction\":[{\"@type\":\"SearchAction\",\"target\":{\"@type\":\"EntryPoint\",\"urlTemplate\":\"http:\/\/codewithme.fr\/mon_premier_site\/?s={search_term_string}\"},\"query-input\":\"required name=search_term_string\"}],\"inLanguage\":\"fr-FR\"}]}<\/script>\n<!-- \/ Yoast SEO plugin. -->","yoast_head_json":{"title":"Cours Enfants - mon_premier_site","robots":{"index":"index","follow":"follow","max-snippet":"max-snippet:-1","max-image-preview":"max-image-preview:large","max-video-preview":"max-video-preview:-1"},"canonical":"http:\/\/codewithme.fr\/mon_premier_site\/cours-enfants\/","og_locale":"fr_FR","og_type":"article","og_title":"Cours Enfants - mon_premier_site","og_description":"P\u00e9dagogie appliqu\u00e9e avec les enfants (Baby &amp; Enfants)Pour les enfants, l'approche p\u00e9dagogique se veut progressive et ludique. Pour les Baby l'objectif est la ma\u00eetrise de ses d\u00e9placements, de ses membres, et une initiation aux techniques martiales de base. Les frappes se font sur des cibles en mousse \u00e0 faible r\u00e9sistance. Pour les plus grands le [&hellip;]","og_url":"http:\/\/codewithme.fr\/mon_premier_site\/cours-enfants\/","og_site_name":"mon_premier_site","article_modified_time":"2023-08-29T11:46:51+00:00","twitter_card":"summary_large_image","schema":{"@context":"https:\/\/schema.org","@graph":[{"@type":"WebPage","@id":"http:\/\/codewithme.fr\/mon_premier_site\/cours-enfants\/","url":"http:\/\/codewithme.fr\/mon_premier_site\/cours-enfants\/","name":"Cours Enfants - mon_premier_site","isPartOf":{"@id":"http:\/\/codewithme.fr\/mon_premier_site\/#website"},"datePublished":"2023-08-28T13:28:11+00:00","dateModified":"2023-08-29T11:46:51+00:00","breadcrumb":{"@id":"http:\/\/codewithme.fr\/mon_premier_site\/cours-enfants\/#breadcrumb"},"inLanguage":"fr-FR","potentialAction":[{"@type":"ReadAction","target":["http:\/\/codewithme.fr\/mon_premier_site\/cours-enfants\/"]}]},{"@type":"BreadcrumbList","@id":"http:\/\/codewithme.fr\/mon_premier_site\/cours-enfants\/#breadcrumb","itemListElement":[{"@type":"ListItem","position":1,"name":"Accueil","item":"https:\/\/codewithme.fr\/mon_premier_site\/"},{"@type":"ListItem","position":2,"name":"Cours Enfants"}]},{"@type":"WebSite","@id":"http:\/\/codewithme.fr\/mon_premier_site\/#website","url":"http:\/\/codewithme.fr\/mon_premier_site\/","name":"mon_premier_site","description":"","potentialAction":[{"@type":"SearchAction","target":{"@type":"EntryPoint","urlTemplate":"http:\/\/codewithme.fr\/mon_premier_site\/?s={search_term_string}"},"query-input":"required name=search_term_string"}],"inLanguage":"fr-FR"}]}},"_links":{"self":[{"href":"https:\/\/codewithme.fr\/mon_premier_site\/wp-json\/wp\/v2\/pages\/281","targetHints":{"allow":["GET"]}}],"collection":[{"href":"https:\/\/codewithme.fr\/mon_premier_site\/wp-json\/wp\/v2\/pages"}],"about":[{"href":"https:\/\/codewithme.fr\/mon_premier_site\/wp-json\/wp\/v2\/types\/page"}],"author":[{"embeddable":true,"href":"https:\/\/codewithme.fr\/mon_premier_site\/wp-json\/wp\/v2\/users\/1"}],"replies":[{"embeddable":true,"href":"https:\/\/codewithme.fr\/mon_premier_site\/wp-json\/wp\/v2\/comments?post=281"}],"version-history":[{"count":4,"href":"https:\/\/codewithme.fr\/mon_premier_site\/wp-json\/wp\/v2\/pages\/281\/revisions"}],"predecessor-version":[{"id":306,"href":"https:\/\/codewithme.fr\/mon_premier_site\/wp-json\/wp\/v2\/pages\/281\/revisions\/306"}],"wp:attachment":[{"href":"https:\/\/codewithme.fr\/mon_premier_site\/wp-json\/wp\/v2\/media?parent=281"}],"curies":[{"name":"wp","href":"https:\/\/api.w.org\/{rel}","templated":true}]}}