{"id":208,"date":"2023-08-17T20:06:28","date_gmt":"2023-08-17T18:06:28","guid":{"rendered":"https:\/\/codewithme.fr\/mon_premier_site\/?page_id=208"},"modified":"2023-08-17T20:06:29","modified_gmt":"2023-08-17T18:06:29","slug":"quelques-temoignages","status":"publish","type":"page","link":"https:\/\/codewithme.fr\/mon_premier_site\/quelques-temoignages\/","title":{"rendered":"Quelques t\u00e9moignages"},"content":{"rendered":"<p>[et_pb_section fb_built=\u00a0\u00bb1&Prime; admin_label=\u00a0\u00bbHeader\u00a0\u00bb _builder_version=\u00a0\u00bb4.22.0&Prime; background_size=\u00a0\u00bbcustom\u00a0\u00bb hover_enabled=\u00a0\u00bb0&Prime; background_last_edited=\u00a0\u00bboff|tablet\u00a0\u00bb background_position_tablet=\u00a0\u00bbcenter_left\u00a0\u00bb locked=\u00a0\u00bboff\u00a0\u00bb global_colors_info=\u00a0\u00bb{}\u00a0\u00bb theme_builder_area=\u00a0\u00bbpost_content\u00a0\u00bb background_enable_image=\u00a0\u00bboff\u00a0\u00bb title_text=\u00a0\u00bb52861632611_26c0ca8071_o\u00a0\u00bb background_image_width=\u00a0\u00bb100%\u00a0\u00bb background_image_height=\u00a0\u00bb0%\u00a0\u00bb background_position=\u00a0\u00bbcenter_left\u00a0\u00bb background_horizontal_offset=\u00a0\u00bb-61%\u00a0\u00bb sticky_enabled=\u00a0\u00bb0&Prime;][et_pb_row _builder_version=\u00a0\u00bb4.16&Prime; custom_padding=\u00a0\u00bb||0px|||\u00a0\u00bb hover_enabled=\u00a0\u00bb0&Prime; global_colors_info=\u00a0\u00bb{}\u00a0\u00bb column_structure=\u00a0\u00bb1_2,1_2&Prime; theme_builder_area=\u00a0\u00bbpost_content\u00a0\u00bb sticky_enabled=\u00a0\u00bb0&Prime;][et_pb_column type=\u00a0\u00bb1_2&Prime; _builder_version=\u00a0\u00bb4.16&Prime; global_colors_info=\u00a0\u00bb{}\u00a0\u00bb theme_builder_area=\u00a0\u00bbpost_content\u00a0\u00bb][et_pb_text _builder_version=\u00a0\u00bb4.16&Prime; text_font_size=\u00a0\u00bb16px\u00a0\u00bb text_line_height=\u00a0\u00bb1.8em\u00a0\u00bb header_font=\u00a0\u00bbIBM Plex Sans Condensed|700|||||||\u00a0\u00bb header_font_size=\u00a0\u00bb80px\u00a0\u00bb header_line_height=\u00a0\u00bb1.2em\u00a0\u00bb header_2_font_size=\u00a0\u00bb80px\u00a0\u00bb header_3_font_size=\u00a0\u00bb80px\u00a0\u00bb header_4_font_size=\u00a0\u00bb80px\u00a0\u00bb header_5_font_size=\u00a0\u00bb80px\u00a0\u00bb header_6_font_size=\u00a0\u00bb80px\u00a0\u00bb max_width=\u00a0\u00bb800px\u00a0\u00bb text_font_size_phone=\u00a0\u00bb16px\u00a0\u00bb text_font_size_last_edited=\u00a0\u00bboff|desktop\u00a0\u00bb header_font_size_tablet=\u00a0\u00bb50px\u00a0\u00bb header_font_size_phone=\u00a0\u00bb36px\u00a0\u00bb header_font_size_last_edited=\u00a0\u00bbon|phone\u00a0\u00bb header_2_font_size_tablet=\u00a0\u00bb50px\u00a0\u00bb header_2_font_size_phone=\u00a0\u00bb36px\u00a0\u00bb header_2_font_size_last_edited=\u00a0\u00bbon|phone\u00a0\u00bb header_3_font_size_tablet=\u00a0\u00bb50px\u00a0\u00bb header_3_font_size_phone=\u00a0\u00bb36px\u00a0\u00bb header_3_font_size_last_edited=\u00a0\u00bbon|phone\u00a0\u00bb header_4_font_size_tablet=\u00a0\u00bb50px\u00a0\u00bb header_4_font_size_phone=\u00a0\u00bb36px\u00a0\u00bb header_4_font_size_last_edited=\u00a0\u00bbon|phone\u00a0\u00bb header_5_font_size_tablet=\u00a0\u00bb50px\u00a0\u00bb header_5_font_size_phone=\u00a0\u00bb36px\u00a0\u00bb header_5_font_size_last_edited=\u00a0\u00bbon|phone\u00a0\u00bb header_6_font_size_tablet=\u00a0\u00bb50px\u00a0\u00bb header_6_font_size_phone=\u00a0\u00bb36px\u00a0\u00bb header_6_font_size_last_edited=\u00a0\u00bbon|phone\u00a0\u00bb locked=\u00a0\u00bboff\u00a0\u00bb global_colors_info=\u00a0\u00bb{}\u00a0\u00bb theme_builder_area=\u00a0\u00bbpost_content\u00a0\u00bb]<\/p>\n<h3 class=\"\" id=\"cc-m-header-11356118912\">TAEKWONDO UN SPORT aussi pour femmes ?<\/h3>\n<p>[\/et_pb_text][\/et_pb_column][et_pb_column type=\u00a0\u00bb1_2&Prime; _builder_version=\u00a0\u00bb4.16&Prime; global_colors_info=\u00a0\u00bb{}\u00a0\u00bb theme_builder_area=\u00a0\u00bbpost_content\u00a0\u00bb][et_pb_image src=\u00a0\u00bbhttp:\/\/codewithme.fr\/mon_premier_site\/wp-content\/uploads\/2023\/08\/istockphoto-1078152952-612&#215;612-1.jpg\u00a0\u00bb _builder_version=\u00a0\u00bb4.22.0&Prime; _module_preset=\u00a0\u00bbdefault\u00a0\u00bb theme_builder_area=\u00a0\u00bbpost_content\u00a0\u00bb title_text=\u00a0\u00bbistockphoto-1078152952-612&#215;612&Prime; border_radii=\u00a0\u00bbon|20px|20px|20px|20px\u00a0\u00bb box_shadow_style=\u00a0\u00bbpreset2&Prime; hover_enabled=\u00a0\u00bb0&Prime; sticky_enabled=\u00a0\u00bb0&Prime;][\/et_pb_image][\/et_pb_column][\/et_pb_row][\/et_pb_section][et_pb_section fb_built=\u00a0\u00bb1&Prime; custom_padding_last_edited=\u00a0\u00bboff|desktop\u00a0\u00bb admin_label=\u00a0\u00bbTestimonials\u00a0\u00bb _builder_version=\u00a0\u00bb4.16&Prime; custom_padding_tablet=\u00a0\u00bb||0px||false|false\u00a0\u00bb global_colors_info=\u00a0\u00bb{}\u00a0\u00bb theme_builder_area=\u00a0\u00bbpost_content\u00a0\u00bb][et_pb_row _builder_version=\u00a0\u00bb4.16&Prime; custom_margin_tablet=\u00a0\u00bb0px||||false|false\u00a0\u00bb custom_margin_last_edited=\u00a0\u00bboff|desktop\u00a0\u00bb locked=\u00a0\u00bboff\u00a0\u00bb global_colors_info=\u00a0\u00bb{}\u00a0\u00bb theme_builder_area=\u00a0\u00bbpost_content\u00a0\u00bb][et_pb_column type=\u00a0\u00bb4_4&Prime; _builder_version=\u00a0\u00bb4.16&Prime; background_color=\u00a0\u00bb#ffffff\u00a0\u00bb custom_padding=\u00a0\u00bb30px|30px|30px|30px|true|true\u00a0\u00bb border_radii=\u00a0\u00bbon|10px|10px|10px|10px\u00a0\u00bb box_shadow_style=\u00a0\u00bbpreset3&Prime; box_shadow_vertical=\u00a0\u00bb47px\u00a0\u00bb box_shadow_blur=\u00a0\u00bb48px\u00a0\u00bb box_shadow_spread=\u00a0\u00bb0px\u00a0\u00bb box_shadow_color=\u00a0\u00bbrgba(100,146,188,0.2)\u00a0\u00bb global_colors_info=\u00a0\u00bb{}\u00a0\u00bb theme_builder_area=\u00a0\u00bbpost_content\u00a0\u00bb][et_pb_image src=\u00a0\u00bbhttp:\/\/codewithme.fr\/mon_premier_site\/wp-content\/uploads\/2023\/08\/Stars.png\u00a0\u00bb _builder_version=\u00a0\u00bb4.22.0&Prime; hover_enabled=\u00a0\u00bb0&Prime; locked=\u00a0\u00bboff\u00a0\u00bb global_colors_info=\u00a0\u00bb{}\u00a0\u00bb theme_builder_area=\u00a0\u00bbpost_content\u00a0\u00bb sticky_enabled=\u00a0\u00bb0&Prime;][\/et_pb_image][et_pb_text _builder_version=\u00a0\u00bb4.22.0&Prime; text_font=\u00a0\u00bb|700|||||||\u00a0\u00bb text_text_color=\u00a0\u00bb#000000&Prime; text_font_size=\u00a0\u00bb18px\u00a0\u00bb text_line_height=\u00a0\u00bb1.8em\u00a0\u00bb hover_enabled=\u00a0\u00bb0&Prime; text_font_size_tablet=\u00a0\u00bb16px\u00a0\u00bb text_font_size_phone=\u00a0\u00bb14px\u00a0\u00bb text_font_size_last_edited=\u00a0\u00bbon|phone\u00a0\u00bb locked=\u00a0\u00bboff\u00a0\u00bb global_colors_info=\u00a0\u00bb{}\u00a0\u00bb theme_builder_area=\u00a0\u00bbpost_content\u00a0\u00bb sticky_enabled=\u00a0\u00bb0&Prime;]<\/p>\n<div id=\"yiv1727572499\"><span face=\"garamond, new york, times, serif\" id=\"yui_3_16_0_ym19_1_1486027168414_5234\">\u00ab\u00a0Je m&rsquo;appelle Sabrina, j&rsquo;ai 35 ans et je suis maman de 2 enfants.<\/span><\/div>\n<div><span face=\"garamond, new york, times, serif\" id=\"yui_3_16_0_ym19_1_1486027168414_5234\">Sportive dans l&rsquo;\u00e2me, j&rsquo;ai longtemps cherch\u00e9 ma voie apr\u00e8s avoir fait de l athl\u00e9tisme, de la natation, de la danse et du v\u00e9lo.<\/span><\/div>\n<div><span face=\"garamond, new york, times, serif\" id=\"yui_3_16_0_ym19_1_1486027168414_5234\">J&rsquo;ai enfin trouv\u00e9 une stabilit\u00e9 dans le Taekwondo qui est devenue une passion!<\/span><\/div>\n<div><span face=\"garamond, new york, times, serif\" id=\"yui_3_16_0_ym19_1_1486027168414_5234\">En effet, je suis conquise par ce sport que je pratique bient\u00f4t depuis 10 ans (eh oui d\u00e9j\u00e0 je n ai pas vu le temps pass\u00e9 tant je ne me lasse pas).\u00a0<\/span><\/div>\n<div id=\"yiv1727572499\"><span face=\"garamond, new york, times, serif\">\u00a0<\/span><\/div>\n<div id=\"yiv1727572499\"><span face=\"garamond, new york, times, serif\" id=\"yui_3_16_0_ym19_1_1486027168414_5299\">Je remercie le travail formidable de mes coachs qui ont su me transmettre cette passion \u00e0 travers ses valeurs.<\/span><\/div>\n<div><span face=\"garamond, new york, times, serif\" id=\"yui_3_16_0_ym19_1_1486027168414_5299\">Aujourd&rsquo;hui, le s\u00e9rieux de l&rsquo;apprentissage m&rsquo;ont permis de passer et disposer d&rsquo;un grade officiellement valid\u00e9 par le club d&rsquo;Asni\u00e8res: je suis ceinture rouge 3\u00e8me degr\u00e9, il ne me reste plus qu \u00e0 conqu\u00e9rir la ceinture noire!\u00a0<\/span><\/div>\n<div id=\"yiv1727572499\"><span>\u00a0<\/span><\/div>\n<div id=\"yiv1727572499\"><span id=\"yui_3_16_0_ym19_1_1486027168414_5349\">Ce sport m&rsquo;a permis au fil des ann\u00e9es\u00a0<b id=\"yui_3_16_0_ym19_1_1486027168414_5390\">d&rsquo;acqu\u00e9rir\u00a0<span id=\"yui_3_16_0_ym19_1_1486027168414_5374\">assurance<\/span>\u00a0et\u00a0<span id=\"yui_3_16_0_ym19_1_1486027168414_5375\">confiance en moi<\/span>, de g\u00e9rer \u00e9galement\u00a0<span id=\"yui_3_16_0_ym19_1_1486027168414_5373\">mes \u00e9motions<\/span>\u00a0\u00e0 travers une force physique et mentale qui se d\u00e9veloppe<\/b>.\u00a0<b id=\"yui_3_16_0_ym19_1_1486027168414_5408\">Il me pousse \u00e0 donner le meilleur de moi m\u00eame<\/b>.<\/span><\/div>\n<div><span id=\"yui_3_16_0_ym19_1_1486027168414_5349\">Par ailleurs,<b id=\"yui_3_16_0_ym19_1_1486027168414_5472\">\u00a0discipline et respect<\/b>\u00a0sont deux fils directeurs essentiels \u00e0 la r\u00e9ussite et \u00e0 l&rsquo;aboutissement.\u00a0<\/span><\/div>\n<div id=\"yiv1727572499\"><span>\u00a0<\/span><\/div>\n<div id=\"yiv1727572499\"><span id=\"yui_3_16_0_ym19_1_1486027168414_5424\"><span id=\"yui_3_16_0_ym19_1_1486027168414_5471\">Entre soif d&rsquo;apprendre et de transmettre, chaque entra\u00eenement reste\u00a0<\/span><b id=\"yui_3_16_0_ym19_1_1486027168414_5479\">un moment de partage et de convivialit\u00e9.\u00a0<\/b><\/span><\/div>\n<div id=\"yiv1727572499\"><span>\u00a0<\/span><\/div>\n<div id=\"yiv1727572499\"><span id=\"yui_3_16_0_ym19_1_1486027168414_5449\">Aujourd&rsquo;hui, je transmets cette passion et ces valeurs \u00e0 mes enfants. Ma fille vient d&rsquo;obtenir son premier grade du haut de ses 6 ans (3 ans de pratique \u00e0 son actif).\u00a0<\/span><\/div>\n<div id=\"yiv1727572499\"><span>\u00a0<\/span><\/div>\n<div id=\"yiv1727572499\"><span id=\"yui_3_16_0_ym19_1_1486027168414_5515\">Pour conclure, le taekwondo reste et contribue \u00e0 l&rsquo;\u00e9quilibre de ma vie quotidienne!\u00a0\u00bb<\/span><\/div>\n<p>[\/et_pb_text][\/et_pb_column][\/et_pb_row][\/et_pb_section]<\/p>\n","protected":false},"excerpt":{"rendered":"<p>TAEKWONDO UN SPORT aussi pour femmes ?\u00a0\u00bbJe m&rsquo;appelle Sabrina, j&rsquo;ai 35 ans et je suis maman de 2 enfants. Sportive dans l&rsquo;\u00e2me, j&rsquo;ai longtemps cherch\u00e9 ma voie apr\u00e8s avoir fait de l athl\u00e9tisme, de la natation, de la danse et du v\u00e9lo. J&rsquo;ai enfin trouv\u00e9 une stabilit\u00e9 dans le Taekwondo qui est devenue une passion! [&hellip;]<\/p>\n","protected":false},"author":1,"featured_media":0,"parent":0,"menu_order":0,"comment_status":"closed","ping_status":"closed","template":"","meta":{"_et_pb_use_builder":"on","_et_pb_old_content":"","_et_gb_content_width":"","footnotes":""},"class_list":["post-208","page","type-page","status-publish","hentry"],"yoast_head":"<!-- This site is optimized with the Yoast SEO plugin v22.4 - https:\/\/yoast.com\/wordpress\/plugins\/seo\/ -->\n<title>Quelques t\u00e9moignages - mon_premier_site<\/title>\n<meta name=\"robots\" content=\"index, follow, max-snippet:-1, max-image-preview:large, max-video-preview:-1\" \/>\n<link rel=\"canonical\" href=\"http:\/\/codewithme.fr\/mon_premier_site\/quelques-temoignages\/\" \/>\n<meta property=\"og:locale\" content=\"fr_FR\" \/>\n<meta property=\"og:type\" content=\"article\" \/>\n<meta property=\"og:title\" content=\"Quelques t\u00e9moignages - mon_premier_site\" \/>\n<meta property=\"og:description\" content=\"TAEKWONDO UN SPORT aussi pour femmes ?&quot;Je m&#039;appelle Sabrina, j&#039;ai 35 ans et je suis maman de 2 enfants. Sportive dans l&#039;\u00e2me, j&#039;ai longtemps cherch\u00e9 ma voie apr\u00e8s avoir fait de l athl\u00e9tisme, de la natation, de la danse et du v\u00e9lo. J&#039;ai enfin trouv\u00e9 une stabilit\u00e9 dans le Taekwondo qui est devenue une passion! [&hellip;]\" \/>\n<meta property=\"og:url\" content=\"http:\/\/codewithme.fr\/mon_premier_site\/quelques-temoignages\/\" \/>\n<meta property=\"og:site_name\" content=\"mon_premier_site\" \/>\n<meta property=\"article:modified_time\" content=\"2023-08-17T18:06:29+00:00\" \/>\n<meta name=\"twitter:card\" content=\"summary_large_image\" \/>\n<script type=\"application\/ld+json\" class=\"yoast-schema-graph\">{\"@context\":\"https:\/\/schema.org\",\"@graph\":[{\"@type\":\"WebPage\",\"@id\":\"http:\/\/codewithme.fr\/mon_premier_site\/quelques-temoignages\/\",\"url\":\"http:\/\/codewithme.fr\/mon_premier_site\/quelques-temoignages\/\",\"name\":\"Quelques t\u00e9moignages - mon_premier_site\",\"isPartOf\":{\"@id\":\"http:\/\/codewithme.fr\/mon_premier_site\/#website\"},\"datePublished\":\"2023-08-17T18:06:28+00:00\",\"dateModified\":\"2023-08-17T18:06:29+00:00\",\"breadcrumb\":{\"@id\":\"http:\/\/codewithme.fr\/mon_premier_site\/quelques-temoignages\/#breadcrumb\"},\"inLanguage\":\"fr-FR\",\"potentialAction\":[{\"@type\":\"ReadAction\",\"target\":[\"http:\/\/codewithme.fr\/mon_premier_site\/quelques-temoignages\/\"]}]},{\"@type\":\"BreadcrumbList\",\"@id\":\"http:\/\/codewithme.fr\/mon_premier_site\/quelques-temoignages\/#breadcrumb\",\"itemListElement\":[{\"@type\":\"ListItem\",\"position\":1,\"name\":\"Accueil\",\"item\":\"https:\/\/codewithme.fr\/mon_premier_site\/\"},{\"@type\":\"ListItem\",\"position\":2,\"name\":\"Quelques t\u00e9moignages\"}]},{\"@type\":\"WebSite\",\"@id\":\"http:\/\/codewithme.fr\/mon_premier_site\/#website\",\"url\":\"http:\/\/codewithme.fr\/mon_premier_site\/\",\"name\":\"mon_premier_site\",\"description\":\"\",\"potentialAction\":[{\"@type\":\"SearchAction\",\"target\":{\"@type\":\"EntryPoint\",\"urlTemplate\":\"http:\/\/codewithme.fr\/mon_premier_site\/?s={search_term_string}\"},\"query-input\":\"required name=search_term_string\"}],\"inLanguage\":\"fr-FR\"}]}<\/script>\n<!-- \/ Yoast SEO plugin. -->","yoast_head_json":{"title":"Quelques t\u00e9moignages - mon_premier_site","robots":{"index":"index","follow":"follow","max-snippet":"max-snippet:-1","max-image-preview":"max-image-preview:large","max-video-preview":"max-video-preview:-1"},"canonical":"http:\/\/codewithme.fr\/mon_premier_site\/quelques-temoignages\/","og_locale":"fr_FR","og_type":"article","og_title":"Quelques t\u00e9moignages - mon_premier_site","og_description":"TAEKWONDO UN SPORT aussi pour femmes ?\"Je m'appelle Sabrina, j'ai 35 ans et je suis maman de 2 enfants. Sportive dans l'\u00e2me, j'ai longtemps cherch\u00e9 ma voie apr\u00e8s avoir fait de l athl\u00e9tisme, de la natation, de la danse et du v\u00e9lo. J'ai enfin trouv\u00e9 une stabilit\u00e9 dans le Taekwondo qui est devenue une passion! [&hellip;]","og_url":"http:\/\/codewithme.fr\/mon_premier_site\/quelques-temoignages\/","og_site_name":"mon_premier_site","article_modified_time":"2023-08-17T18:06:29+00:00","twitter_card":"summary_large_image","schema":{"@context":"https:\/\/schema.org","@graph":[{"@type":"WebPage","@id":"http:\/\/codewithme.fr\/mon_premier_site\/quelques-temoignages\/","url":"http:\/\/codewithme.fr\/mon_premier_site\/quelques-temoignages\/","name":"Quelques t\u00e9moignages - mon_premier_site","isPartOf":{"@id":"http:\/\/codewithme.fr\/mon_premier_site\/#website"},"datePublished":"2023-08-17T18:06:28+00:00","dateModified":"2023-08-17T18:06:29+00:00","breadcrumb":{"@id":"http:\/\/codewithme.fr\/mon_premier_site\/quelques-temoignages\/#breadcrumb"},"inLanguage":"fr-FR","potentialAction":[{"@type":"ReadAction","target":["http:\/\/codewithme.fr\/mon_premier_site\/quelques-temoignages\/"]}]},{"@type":"BreadcrumbList","@id":"http:\/\/codewithme.fr\/mon_premier_site\/quelques-temoignages\/#breadcrumb","itemListElement":[{"@type":"ListItem","position":1,"name":"Accueil","item":"https:\/\/codewithme.fr\/mon_premier_site\/"},{"@type":"ListItem","position":2,"name":"Quelques t\u00e9moignages"}]},{"@type":"WebSite","@id":"http:\/\/codewithme.fr\/mon_premier_site\/#website","url":"http:\/\/codewithme.fr\/mon_premier_site\/","name":"mon_premier_site","description":"","potentialAction":[{"@type":"SearchAction","target":{"@type":"EntryPoint","urlTemplate":"http:\/\/codewithme.fr\/mon_premier_site\/?s={search_term_string}"},"query-input":"required name=search_term_string"}],"inLanguage":"fr-FR"}]}},"_links":{"self":[{"href":"https:\/\/codewithme.fr\/mon_premier_site\/wp-json\/wp\/v2\/pages\/208","targetHints":{"allow":["GET"]}}],"collection":[{"href":"https:\/\/codewithme.fr\/mon_premier_site\/wp-json\/wp\/v2\/pages"}],"about":[{"href":"https:\/\/codewithme.fr\/mon_premier_site\/wp-json\/wp\/v2\/types\/page"}],"author":[{"embeddable":true,"href":"https:\/\/codewithme.fr\/mon_premier_site\/wp-json\/wp\/v2\/users\/1"}],"replies":[{"embeddable":true,"href":"https:\/\/codewithme.fr\/mon_premier_site\/wp-json\/wp\/v2\/comments?post=208"}],"version-history":[{"count":2,"href":"https:\/\/codewithme.fr\/mon_premier_site\/wp-json\/wp\/v2\/pages\/208\/revisions"}],"predecessor-version":[{"id":221,"href":"https:\/\/codewithme.fr\/mon_premier_site\/wp-json\/wp\/v2\/pages\/208\/revisions\/221"}],"wp:attachment":[{"href":"https:\/\/codewithme.fr\/mon_premier_site\/wp-json\/wp\/v2\/media?parent=208"}],"curies":[{"name":"wp","href":"https:\/\/api.w.org\/{rel}","templated":true}]}}