{"id":17,"date":"2023-08-11T15:14:17","date_gmt":"2023-08-11T13:14:17","guid":{"rendered":"http:\/\/codewithme.fr\/mon_premier_site\/?page_id=17"},"modified":"2023-08-29T13:22:25","modified_gmt":"2023-08-29T11:22:25","slug":"acceuil","status":"publish","type":"page","link":"https:\/\/codewithme.fr\/mon_premier_site\/","title":{"rendered":"Accueil"},"content":{"rendered":"<p>[et_pb_section fb_built=\u00a0\u00bb1&Prime; fullwidth=\u00a0\u00bbon\u00a0\u00bb _builder_version=\u00a0\u00bb4.22.0&Prime; _module_preset=\u00a0\u00bbdefault\u00a0\u00bb global_colors_info=\u00a0\u00bb{}\u00a0\u00bb][et_pb_fullwidth_header title=\u00a0\u00bbDRAGON MORANGIS\u00a0\u00bb subhead=\u00a0\u00bbTAEKWONDO TAEKWONKIDO\u00a0\u00bb button_one_text=\u00a0\u00bbREJOIGNEZ-NOUS\u00a0\u00bb button_one_url=\u00a0\u00bbhttps:\/\/codewithme.fr\/mon_premier_site\/rejoignez-nous\/\u00a0\u00bb button_two_text=\u00a0\u00bbNOUS CONTACTER\u00a0\u00bb button_two_url=\u00a0\u00bb#formulairecontact\u00a0\u00bb _builder_version=\u00a0\u00bb4.22.1&Prime; _module_preset=\u00a0\u00bbdefault\u00a0\u00bb title_font=\u00a0\u00bbAlatsi|700|||||||\u00a0\u00bb title_text_color=\u00a0\u00bb#FFFFFF\u00a0\u00bb title_font_size=\u00a0\u00bb62px\u00a0\u00bb title_line_height=\u00a0\u00bb1.4em\u00a0\u00bb content_text_color=\u00a0\u00bb#000000&Prime; subhead_text_color=\u00a0\u00bb#FFFFFF\u00a0\u00bb subhead_font_size=\u00a0\u00bb31px\u00a0\u00bb background_enable_color=\u00a0\u00bboff\u00a0\u00bb use_background_color_gradient=\u00a0\u00bbon\u00a0\u00bb background_color_gradient_direction=\u00a0\u00bb116deg\u00a0\u00bb background_color_gradient_stops=\u00a0\u00bb#e43326 4%|#1e4282 56%\u00a0\u00bb background_image=\u00a0\u00bbhttp:\/\/codewithme.fr\/mon_premier_site\/wp-content\/uploads\/2023\/08\/52867306833_7c0eb5064f_o-copie-scaled.webp\u00a0\u00bb background_position=\u00a0\u00bbcenter_right\u00a0\u00bb background_horizontal_offset=\u00a0\u00bb45%\u00a0\u00bb background_blend=\u00a0\u00bbluminosity\u00a0\u00bb custom_button_one=\u00a0\u00bbon\u00a0\u00bb button_one_text_color=\u00a0\u00bb#FFFFFF\u00a0\u00bb button_one_bg_color=\u00a0\u00bb#1E4282&Prime; button_one_bg_use_color_gradient=\u00a0\u00bbon\u00a0\u00bb button_one_bg_color_gradient_stops=\u00a0\u00bbrgba(255,255,255,0) 0%|rgba(255,255,255,0) 96%\u00a0\u00bb button_one_border_width=\u00a0\u00bb0px\u00a0\u00bb button_one_border_radius=\u00a0\u00bb100px\u00a0\u00bb button_one_custom_margin=\u00a0\u00bb||||false|false\u00a0\u00bb button_one_custom_padding=\u00a0\u00bb||||false|false\u00a0\u00bb custom_button_two=\u00a0\u00bbon\u00a0\u00bb button_two_text_color=\u00a0\u00bb#FFFFFF\u00a0\u00bb button_two_bg_color=\u00a0\u00bb#1E4282&Prime; button_two_border_width=\u00a0\u00bb0px\u00a0\u00bb button_two_border_radius=\u00a0\u00bb100px\u00a0\u00bb button_two_letter_spacing=\u00a0\u00bb0px\u00a0\u00bb button_two_font=\u00a0\u00bb||||||||\u00a0\u00bb custom_margin=\u00a0\u00bb||-42px|||\u00a0\u00bb custom_padding=\u00a0\u00bb100px||150px||false|false\u00a0\u00bb title_font_size_tablet=\u00a0\u00bb62px\u00a0\u00bb title_font_size_phone=\u00a0\u00bb33px\u00a0\u00bb title_font_size_last_edited=\u00a0\u00bbon|phone\u00a0\u00bb subhead_font_size_tablet=\u00a0\u00bb31px\u00a0\u00bb subhead_font_size_phone=\u00a0\u00bb23px\u00a0\u00bb subhead_font_size_last_edited=\u00a0\u00bbon|phone\u00a0\u00bb button_one_text_size_tablet=\u00a0\u00bb\u00a0\u00bb button_one_text_size_phone=\u00a0\u00bb16px\u00a0\u00bb button_one_text_size_last_edited=\u00a0\u00bbon|phone\u00a0\u00bb button_one_icon_placement_phone=\u00a0\u00bbright\u00a0\u00bb button_one_icon_placement_last_edited=\u00a0\u00bboff|phone\u00a0\u00bb button_two_text_size_tablet=\u00a0\u00bb\u00a0\u00bb button_two_text_size_phone=\u00a0\u00bb16px\u00a0\u00bb button_two_text_size_last_edited=\u00a0\u00bbon|phone\u00a0\u00bb title_text_shadow_style=\u00a0\u00bbpreset3&Prime; title_text_shadow_horizontal_length=\u00a0\u00bb0.01em\u00a0\u00bb title_text_shadow_vertical_length=\u00a0\u00bb-0.03em\u00a0\u00bb border_color_all=\u00a0\u00bb#000000&Prime; global_colors_info=\u00a0\u00bb{}\u00a0\u00bb][\/et_pb_fullwidth_header][\/et_pb_section][et_pb_section fb_built=\u00a0\u00bb1&Prime; _builder_version=\u00a0\u00bb4.21.0&Prime; _module_preset=\u00a0\u00bbdefault\u00a0\u00bb custom_padding=\u00a0\u00bb95px|||||\u00a0\u00bb bottom_divider_style=\u00a0\u00bbslant\u00a0\u00bb bottom_divider_color=\u00a0\u00bb#1E4282&Prime; bottom_divider_height=\u00a0\u00bb57px\u00a0\u00bb bottom_divider_repeat=\u00a0\u00bb1x\u00a0\u00bb bottom_divider_flip=\u00a0\u00bbvertical\u00a0\u00bb global_colors_info=\u00a0\u00bb{}\u00a0\u00bb][et_pb_row column_structure=\u00a0\u00bb1_2,1_2&Prime; _builder_version=\u00a0\u00bb4.21.0&Prime; _module_preset=\u00a0\u00bbdefault\u00a0\u00bb global_colors_info=\u00a0\u00bb{}\u00a0\u00bb][et_pb_column type=\u00a0\u00bb1_2&Prime; _builder_version=\u00a0\u00bb4.21.0&Prime; _module_preset=\u00a0\u00bbdefault\u00a0\u00bb global_colors_info=\u00a0\u00bb{}\u00a0\u00bb][et_pb_text _builder_version=\u00a0\u00bb4.21.0&Prime; _module_preset=\u00a0\u00bbdefault\u00a0\u00bb text_font_size=\u00a0\u00bb16px\u00a0\u00bb text_line_height=\u00a0\u00bb2.2em\u00a0\u00bb animation_style=\u00a0\u00bbzoom\u00a0\u00bb global_colors_info=\u00a0\u00bb{}\u00a0\u00bb]<\/p>\n<p>La saison 2022-2023 a marqu\u00e9 un nouveau d\u00e9part avec de nombreuses comp\u00e9titions, de nombreux grad\u00e9s et surtout une belle coh\u00e9sion, esp\u00e9rons que cette nouvelle saison 2023\/2024 suivra la m\u00eame trajectoire !<\/p>\n<p>Le forum des associations qui a eu lieu le dimanche 4 septembre au parc St Michel a \u00e9t\u00e9 un grand succ\u00e8s en terme d&rsquo;affluence sur le stand et de pr\u00e9-inscriptions. Esp\u00e9rons \u00e0 pr\u00e9sent que ces pr\u00e9-inscriptions se transforment en inscriptions et que vous soyez nombreux et assidus \u00e0 l&rsquo;entrainement !<\/p>\n<p>Bonne rentr\u00e9e \u00e0 tous !<\/p>\n<p>[\/et_pb_text][\/et_pb_column][et_pb_column type=\u00a0\u00bb1_2&Prime; _builder_version=\u00a0\u00bb4.21.0&Prime; _module_preset=\u00a0\u00bbdefault\u00a0\u00bb global_colors_info=\u00a0\u00bb{}\u00a0\u00bb][et_pb_image src=\u00a0\u00bbhttp:\/\/codewithme.fr\/mon_premier_site\/wp-content\/uploads\/2023\/08\/52861798289_19ccce4fda_o-copie.webp\u00a0\u00bb title_text=\u00a0\u00bb52861798289_19ccce4fda_o copie\u00a0\u00bb _builder_version=\u00a0\u00bb4.22.0&Prime; _module_preset=\u00a0\u00bbdefault\u00a0\u00bb animation_style=\u00a0\u00bbzoom\u00a0\u00bb border_radii=\u00a0\u00bbon|20px|20px|20px|20px\u00a0\u00bb border_style_all=\u00a0\u00bbnone\u00a0\u00bb global_colors_info=\u00a0\u00bb{}\u00a0\u00bb][\/et_pb_image][\/et_pb_column][\/et_pb_row][\/et_pb_section][et_pb_section fb_built=\u00a0\u00bb1&Prime; _builder_version=\u00a0\u00bb4.21.0&Prime; _module_preset=\u00a0\u00bbdefault\u00a0\u00bb min_height=\u00a0\u00bb48px\u00a0\u00bb custom_margin=\u00a0\u00bb||-169px|||\u00a0\u00bb global_colors_info=\u00a0\u00bb{}\u00a0\u00bb][\/et_pb_section][et_pb_section fb_built=\u00a0\u00bb1&Prime; _builder_version=\u00a0\u00bb4.21.0&Prime; _module_preset=\u00a0\u00bbdefault\u00a0\u00bb bottom_divider_style=\u00a0\u00bbramp\u00a0\u00bb bottom_divider_color=\u00a0\u00bb#E43326&Prime; global_colors_info=\u00a0\u00bb{}\u00a0\u00bb][et_pb_row column_structure=\u00a0\u00bb1_2,1_2&Prime; _builder_version=\u00a0\u00bb4.21.0&Prime; _module_preset=\u00a0\u00bbdefault\u00a0\u00bb global_colors_info=\u00a0\u00bb{}\u00a0\u00bb][et_pb_column type=\u00a0\u00bb1_2&Prime; _builder_version=\u00a0\u00bb4.21.0&Prime; _module_preset=\u00a0\u00bbdefault\u00a0\u00bb global_colors_info=\u00a0\u00bb{}\u00a0\u00bb][et_pb_text _builder_version=\u00a0\u00bb4.21.0&Prime; _module_preset=\u00a0\u00bbdefault\u00a0\u00bb animation_style=\u00a0\u00bbzoom\u00a0\u00bb global_colors_info=\u00a0\u00bb{}\u00a0\u00bb]<\/p>\n<h1><strong><span face=\"verdana, helvetica, sans-serif\">Qui sommes nous ?<\/span><\/strong><\/h1>\n<h3 id=\"yui_3_16_0_ym19_1_1486194559604_7834\"><span face=\"verdana, helvetica, sans-serif\" id=\"yui_3_16_0_ym19_1_1486194559604_8139\"><span id=\"yui_3_16_0_ym19_1_1486194559604_8114\">Le club est sous la direction technique de\u00a0<\/span><span id=\"yui_3_16_0_ym19_1_1486194559604_8115\">Ma\u00eetre R\u00e9mi MOLLET.<\/span><br \/><\/span><\/h3>\n<p id=\"yui_3_16_0_ym19_1_1486194559604_8117\"><span face=\"verdana, helvetica, sans-serif\" id=\"yui_3_16_0_ym19_1_1486194559604_8144\">Tr\u00e8s haut grad\u00e9 en Taekwondo Chung Do Kwan et Kukkiwon, en Sin Moo Hapkido et en Hapkido<\/span><\/p>\n<p id=\"yui_3_16_0_ym19_1_1486194559604_8118\"><span face=\"verdana, helvetica, sans-serif\" id=\"yui_3_16_0_ym19_1_1486194559604_8143\">(Korea Hapkido Federation), 7\u00e8me DAN FFTDA<br id=\"yui_3_16_0_ym19_1_1486194559604_8119\" \/>Co-fondateur du Taekwonkido et directeur technique du C\u00e9nacle. (voir l&rsquo;article ci-bas)<\/span><\/p>\n<p id=\"yui_3_16_0_ym19_1_1486194559604_8120\"><span face=\"verdana, helvetica, sans-serif\">\u00a0<\/span><span face=\"verdana, helvetica, sans-serif\" id=\"yui_3_16_0_ym19_1_1486194559604_8142\">Pratique les arts martiaux depuis plus de 40 ans<\/span><\/p>\n<p>[\/et_pb_text][\/et_pb_column][et_pb_column type=\u00a0\u00bb1_2&Prime; _builder_version=\u00a0\u00bb4.21.0&Prime; _module_preset=\u00a0\u00bbdefault\u00a0\u00bb global_colors_info=\u00a0\u00bb{}\u00a0\u00bb][et_pb_image src=\u00a0\u00bbhttp:\/\/codewithme.fr\/mon_premier_site\/wp-content\/uploads\/2023\/08\/1485946149.jpg\u00a0\u00bb title_text=\u00a0\u00bb1485946149&Prime; align=\u00a0\u00bbcenter\u00a0\u00bb _builder_version=\u00a0\u00bb4.21.0&Prime; _module_preset=\u00a0\u00bbdefault\u00a0\u00bb animation_style=\u00a0\u00bbzoom\u00a0\u00bb border_radii=\u00a0\u00bbon|20px|20px|20px|20px\u00a0\u00bb global_colors_info=\u00a0\u00bb{}\u00a0\u00bb][\/et_pb_image][\/et_pb_column][\/et_pb_row][\/et_pb_section][et_pb_section fb_built=\u00a0\u00bb1&Prime; _builder_version=\u00a0\u00bb4.22.0&Prime; _module_preset=\u00a0\u00bbdefault\u00a0\u00bb bottom_divider_style=\u00a0\u00bbarrow2&Prime; bottom_divider_color=\u00a0\u00bb#1E4282&Prime; global_colors_info=\u00a0\u00bb{}\u00a0\u00bb][et_pb_row column_structure=\u00a0\u00bb1_2,1_2&Prime; _builder_version=\u00a0\u00bb4.21.0&Prime; _module_preset=\u00a0\u00bbdefault\u00a0\u00bb global_colors_info=\u00a0\u00bb{}\u00a0\u00bb][et_pb_column type=\u00a0\u00bb1_2&Prime; _builder_version=\u00a0\u00bb4.21.0&Prime; _module_preset=\u00a0\u00bbdefault\u00a0\u00bb global_colors_info=\u00a0\u00bb{}\u00a0\u00bb][et_pb_text _builder_version=\u00a0\u00bb4.21.0&Prime; _module_preset=\u00a0\u00bbdefault\u00a0\u00bb animation_style=\u00a0\u00bbzoom\u00a0\u00bb global_colors_info=\u00a0\u00bb{}\u00a0\u00bb]<\/p>\n<h2><strong><span face=\"verdana, helvetica, sans-serif\">Entraineur du club de Morangis<\/span><\/strong><\/h2>\n<div id=\"cc-m-11359823112\" class=\"j-module n j-textWithImage \">\n<div>\n<div id=\"cc-m-textwithimage-11359823112\" data-name=\"text\" data-action=\"text\" class=\"cc-m-textwithimage-inline-rte\">\n<h3 id=\"yui_3_16_0_ym19_1_1486194559604_7834\"><span id=\"yui_3_16_0_ym19_1_1486194559604_8197\">Tewfik EL ISSAOUI<\/span><\/h3>\n<p>Pratique les arts martiaux depuis pr\u00e8s de 30 ans, 3\u00e8me Dan Taekwonkido, 2\u00e8me Dan Taekwondo WTF et FFTDA<\/p>\n<div>Instructeur f\u00e9d\u00e9ral de Taekwondo (FFTDA) depuis 2002<\/div>\n<p id=\"yui_3_16_0_ym19_1_1486194559604_8202\">Fondateur du Club, anciennement professeur \u00e0 Chatenay-Malabry (92), Cachan (94) et Paris XXe.<\/p>\n<\/div>\n<\/div>\n<\/div>\n<p>[\/et_pb_text][\/et_pb_column][et_pb_column type=\u00a0\u00bb1_2&Prime; _builder_version=\u00a0\u00bb4.21.0&Prime; _module_preset=\u00a0\u00bbdefault\u00a0\u00bb global_colors_info=\u00a0\u00bb{}\u00a0\u00bb][et_pb_image src=\u00a0\u00bbhttp:\/\/codewithme.fr\/mon_premier_site\/wp-content\/uploads\/2023\/08\/52861632611_26c0ca8071_o-scaled.jpg\u00a0\u00bb title_text=\u00a0\u00bb52861632611_26c0ca8071_o\u00a0\u00bb _builder_version=\u00a0\u00bb4.22.0&Prime; _module_preset=\u00a0\u00bbdefault\u00a0\u00bb animation_style=\u00a0\u00bbzoom\u00a0\u00bb border_radii=\u00a0\u00bbon|20px|20px|20px|20px\u00a0\u00bb global_colors_info=\u00a0\u00bb{}\u00a0\u00bb][\/et_pb_image][\/et_pb_column][\/et_pb_row][\/et_pb_section][et_pb_section fb_built=\u00a0\u00bb1&Prime; _builder_version=\u00a0\u00bb4.22.0&Prime; _module_preset=\u00a0\u00bbdefault\u00a0\u00bb global_colors_info=\u00a0\u00bb{}\u00a0\u00bb][et_pb_row column_structure=\u00a0\u00bb1_2,1_2&Prime; _builder_version=\u00a0\u00bb4.22.0&Prime; _module_preset=\u00a0\u00bbdefault\u00a0\u00bb global_colors_info=\u00a0\u00bb{}\u00a0\u00bb][et_pb_column type=\u00a0\u00bb1_2&Prime; _builder_version=\u00a0\u00bb4.22.0&Prime; _module_preset=\u00a0\u00bbdefault\u00a0\u00bb global_colors_info=\u00a0\u00bb{}\u00a0\u00bb][et_pb_text _builder_version=\u00a0\u00bb4.22.1&Prime; _module_preset=\u00a0\u00bbdefault\u00a0\u00bb animation_style=\u00a0\u00bbzoom\u00a0\u00bb global_colors_info=\u00a0\u00bb{}\u00a0\u00bb]<\/p>\n<h2 align=\"center\">C&rsquo;est quoi le c\u00e9nacle R\u00e9mi Mollet ?<\/h2>\n<p align=\"center\"><span><span id=\"yui_3_16_0_ym19_1_1486194559604_6952\" size=\"2\">Le club est affili\u00e9 au CENACLE REMI MOLLET, vaste ensemble de <\/span><\/span><span><span id=\"yui_3_16_0_ym19_1_1486194559604_6952\" size=\"2\">Do-Jangs (Salles d&rsquo;entra\u00eenement) pratiquant les arts martiaux.<\/span><\/span><\/p>\n<p id=\"yui_3_16_0_ym19_1_1486194559604_6953\" align=\"justify\"><span><span id=\"yui_3_16_0_ym19_1_1486194559604_6954\" size=\"2\">Le\u00a0<span id=\"yui_3_16_0_ym19_1_1486194559604_6955\">C\u00e9nacle R\u00e9mi Mollet<\/span>\u00a0n&rsquo;est pas un club mais plut\u00f4t une Amicale de Clubs. C&rsquo;est l&rsquo;ensemble de tous les Do-Jangs (salles d&rsquo;entra\u00eenement) qui suivent la ligne technique de Ma\u00eetre R\u00e9mi Mollet.<\/span><\/span><\/p>\n<p id=\"yui_3_16_0_ym19_1_1486194559604_6956\" align=\"justify\"><span><span id=\"yui_3_16_0_ym19_1_1486194559604_6957\" size=\"2\">Le C\u00e9nacle R\u00e9mi Mollet existe depuis plus de 20 ans. Votre club est une entit\u00e9 \u00e0 part, distincte du C\u00e9nacle.<\/span><\/span><\/p>\n<p align=\"justify\"><span><span id=\"yui_3_16_0_ym19_1_1486194559604_6960\" size=\"2\">N\u00e9anmoins, l&rsquo;organisation d&rsquo;activit\u00e9s communes \u00e0 tous les clubs g\u00e9n\u00e8re une dynamique de groupe tout \u00e0 fait unique. Le concept du C\u00e9nacle est le suivant\u00a0:\u00a0<u id=\"yui_3_16_0_ym19_1_1486194559604_6961\">sans suppl\u00e9ment de cotisation et avec l\u2019accord de votre professeur<\/u>, vous pouvez vous entra\u00eener dans tous les clubs du C\u00e9nacle (y compris ceux o\u00f9 le Ma\u00eetre enseigne personnellement) \u00e0 condition toutefois de ne pas d\u00e9serter votre club d\u2019origine\u00a0!<\/span><\/span><\/p>\n<p id=\"yui_3_16_0_ym19_1_1486194559604_6962\" align=\"justify\"><span><span id=\"yui_3_16_0_ym19_1_1486194559604_6963\" size=\"2\">Chaque week-end, des entra\u00eenements\u00a0<span id=\"yui_3_16_0_ym19_1_1486194559604_6964\">gratuits<\/span>\u00a0permettent de rassembler les \u00e9l\u00e8ves pour s\u2019entra\u00eener \u00e0 la comp\u00e9tition combat ou \u00e0 la comp\u00e9tition Mudo (TKD technique).<\/span><\/span><\/p>\n<p id=\"yui_3_16_0_ym19_1_1486194559604_6965\" align=\"justify\"><span><span id=\"yui_3_16_0_ym19_1_1486194559604_6966\" size=\"2\">De la m\u00eame fa\u00e7on, si, lors de vos vacances, vous \u00eates de passage non loin d\u2019un club du C\u00e9nacle, vous pourrez vous y entra\u00eener sans suppl\u00e9ment de cotisation (accord de votre professeur requis).<\/span><\/span><\/p>\n<p align=\"justify\">\u00a0<em><span>\u00a0<\/span><\/em><\/p>\n<p dir=\"ltr\" align=\"justify\" data-setdir=\"false\"><span><span id=\"yui_3_16_0_ym19_1_1486194559604_6971\" size=\"2\"><span id=\"yui_3_16_0_ym19_1_1486194559604_6972\"><em>Les activit\u00e9s du C\u00e9nacle<\/em>\u00a0<em>(entre autres)\u00a0:\u00a0<\/em><\/span><br id=\"yui_3_16_0_ym19_1_1486194559604_6974\" \/><br id=\"yui_3_16_0_ym19_1_1486194559604_6975\" \/>Des stages permettant de se rencontrer et de mettre en commun son dynamisme \/ des comp\u00e9titions \/ des Passages de Grades \/ une assistance aux Comp\u00e9titeurs de Haut Niveau \/ des entra\u00eenements \u00ab\u00a0Comp\u00e9titions\u00a0\u00bb \/ des cours pour Ceintures Noires \/ des Stages avec des Ma\u00eetres venant de Cor\u00e9e, des Etats-Unis, etc. \/ une ouverture vers<\/span><\/span><span>\u00a0<\/span><span><span id=\"yui_3_16_0_ym19_1_1486194559604_6971\" size=\"2\">d\u2019autres arts martiaux \/ des comp\u00e9titions \u00e0 l&rsquo;\u00e9tranger : Suisse, Angleterre, Finlande, Vi\u00eat-nam, Cor\u00e9e, etc.<\/span><\/span><\/p>\n<p>[\/et_pb_text][\/et_pb_column][et_pb_column type=\u00a0\u00bb1_2&Prime; _builder_version=\u00a0\u00bb4.22.0&Prime; _module_preset=\u00a0\u00bbdefault\u00a0\u00bb global_colors_info=\u00a0\u00bb{}\u00a0\u00bb][et_pb_image src=\u00a0\u00bbhttp:\/\/codewithme.fr\/mon_premier_site\/wp-content\/uploads\/2023\/08\/accueil_1.jpg\u00a0\u00bb title_text=\u00a0\u00bbaccueil_1&Prime; align=\u00a0\u00bbcenter\u00a0\u00bb _builder_version=\u00a0\u00bb4.22.1&Prime; _module_preset=\u00a0\u00bbdefault\u00a0\u00bb transform_scale=\u00a0\u00bb96%|96%\u00a0\u00bb transform_scale_tablet=\u00a0\u00bb96%|96%\u00a0\u00bb transform_scale_phone=\u00a0\u00bb96%|96%\u00a0\u00bb transform_scale_last_edited=\u00a0\u00bbon|phone\u00a0\u00bb transform_translate=\u00a0\u00bb99px|113px\u00a0\u00bb transform_translate_tablet=\u00a0\u00bb99px|113px\u00a0\u00bb transform_translate_phone=\u00a0\u00bb5px|-4px\u00a0\u00bb transform_translate_last_edited=\u00a0\u00bbon|phone\u00a0\u00bb transform_rotate_tablet=\u00a0\u00bb\u00a0\u00bb transform_rotate_phone=\u00a0\u00bb\u00a0\u00bb transform_rotate_last_edited=\u00a0\u00bbon|phone\u00a0\u00bb transform_skew_tablet=\u00a0\u00bb\u00a0\u00bb transform_skew_phone=\u00a0\u00bb\u00a0\u00bb transform_skew_last_edited=\u00a0\u00bbon|phone\u00a0\u00bb transform_origin_tablet=\u00a0\u00bb\u00a0\u00bb transform_origin_phone=\u00a0\u00bb\u00a0\u00bb transform_origin_last_edited=\u00a0\u00bbon|phone\u00a0\u00bb transform_styles_last_edited=\u00a0\u00bbon|phone\u00a0\u00bb animation_style=\u00a0\u00bbzoom\u00a0\u00bb transform_styles_tablet=\u00a0\u00bb\u00a0\u00bb transform_styles_phone=\u00a0\u00bb\u00a0\u00bb border_radii=\u00a0\u00bbon|20px|20px|20px|20px\u00a0\u00bb box_shadow_style=\u00a0\u00bbpreset3&Prime; global_colors_info=\u00a0\u00bb{}\u00a0\u00bb][\/et_pb_image][\/et_pb_column][\/et_pb_row][\/et_pb_section]<\/p>\n","protected":false},"excerpt":{"rendered":"<p>La saison 2022-2023 a marqu\u00e9 un nouveau d\u00e9part avec de nombreuses comp\u00e9titions, de nombreux grad\u00e9s et surtout une belle coh\u00e9sion, esp\u00e9rons que cette nouvelle saison 2023\/2024 suivra la m\u00eame trajectoire ! Le forum des associations qui a eu lieu le dimanche 4 septembre au parc St Michel a \u00e9t\u00e9 un grand succ\u00e8s en terme d&rsquo;affluence [&hellip;]<\/p>\n","protected":false},"author":1,"featured_media":0,"parent":0,"menu_order":0,"comment_status":"closed","ping_status":"closed","template":"","meta":{"_et_pb_use_builder":"on","_et_pb_old_content":"","_et_gb_content_width":"","footnotes":""},"class_list":["post-17","page","type-page","status-publish","hentry"],"yoast_head":"<!-- This site is optimized with the Yoast SEO plugin v22.4 - https:\/\/yoast.com\/wordpress\/plugins\/seo\/ -->\n<title>Accueil - mon_premier_site<\/title>\n<meta name=\"robots\" content=\"index, follow, max-snippet:-1, max-image-preview:large, max-video-preview:-1\" \/>\n<link rel=\"canonical\" href=\"https:\/\/codewithme.fr\/mon_premier_site\/\" \/>\n<meta property=\"og:locale\" content=\"fr_FR\" \/>\n<meta property=\"og:type\" content=\"article\" \/>\n<meta property=\"og:title\" content=\"Accueil - mon_premier_site\" \/>\n<meta property=\"og:description\" content=\"La saison 2022-2023 a marqu\u00e9 un nouveau d\u00e9part avec de nombreuses comp\u00e9titions, de nombreux grad\u00e9s et surtout une belle coh\u00e9sion, esp\u00e9rons que cette nouvelle saison 2023\/2024 suivra la m\u00eame trajectoire ! Le forum des associations qui a eu lieu le dimanche 4 septembre au parc St Michel a \u00e9t\u00e9 un grand succ\u00e8s en terme d&#039;affluence [&hellip;]\" \/>\n<meta property=\"og:url\" content=\"https:\/\/codewithme.fr\/mon_premier_site\/\" \/>\n<meta property=\"og:site_name\" content=\"mon_premier_site\" \/>\n<meta property=\"article:modified_time\" content=\"2023-08-29T11:22:25+00:00\" \/>\n<meta name=\"twitter:card\" content=\"summary_large_image\" \/>\n<meta name=\"twitter:label1\" content=\"Dur\u00e9e de lecture estim\u00e9e\" \/>\n\t<meta name=\"twitter:data1\" content=\"1 minute\" \/>\n<script type=\"application\/ld+json\" class=\"yoast-schema-graph\">{\"@context\":\"https:\/\/schema.org\",\"@graph\":[{\"@type\":\"WebPage\",\"@id\":\"https:\/\/codewithme.fr\/mon_premier_site\/\",\"url\":\"https:\/\/codewithme.fr\/mon_premier_site\/\",\"name\":\"Accueil - mon_premier_site\",\"isPartOf\":{\"@id\":\"http:\/\/codewithme.fr\/mon_premier_site\/#website\"},\"datePublished\":\"2023-08-11T13:14:17+00:00\",\"dateModified\":\"2023-08-29T11:22:25+00:00\",\"breadcrumb\":{\"@id\":\"https:\/\/codewithme.fr\/mon_premier_site\/#breadcrumb\"},\"inLanguage\":\"fr-FR\",\"potentialAction\":[{\"@type\":\"ReadAction\",\"target\":[\"https:\/\/codewithme.fr\/mon_premier_site\/\"]}]},{\"@type\":\"BreadcrumbList\",\"@id\":\"https:\/\/codewithme.fr\/mon_premier_site\/#breadcrumb\",\"itemListElement\":[{\"@type\":\"ListItem\",\"position\":1,\"name\":\"Accueil\",\"item\":\"https:\/\/codewithme.fr\/mon_premier_site\/\"},{\"@type\":\"ListItem\",\"position\":2,\"name\":\"Accueil\"}]},{\"@type\":\"WebSite\",\"@id\":\"http:\/\/codewithme.fr\/mon_premier_site\/#website\",\"url\":\"http:\/\/codewithme.fr\/mon_premier_site\/\",\"name\":\"mon_premier_site\",\"description\":\"\",\"potentialAction\":[{\"@type\":\"SearchAction\",\"target\":{\"@type\":\"EntryPoint\",\"urlTemplate\":\"http:\/\/codewithme.fr\/mon_premier_site\/?s={search_term_string}\"},\"query-input\":\"required name=search_term_string\"}],\"inLanguage\":\"fr-FR\"}]}<\/script>\n<!-- \/ Yoast SEO plugin. -->","yoast_head_json":{"title":"Accueil - mon_premier_site","robots":{"index":"index","follow":"follow","max-snippet":"max-snippet:-1","max-image-preview":"max-image-preview:large","max-video-preview":"max-video-preview:-1"},"canonical":"https:\/\/codewithme.fr\/mon_premier_site\/","og_locale":"fr_FR","og_type":"article","og_title":"Accueil - mon_premier_site","og_description":"La saison 2022-2023 a marqu\u00e9 un nouveau d\u00e9part avec de nombreuses comp\u00e9titions, de nombreux grad\u00e9s et surtout une belle coh\u00e9sion, esp\u00e9rons que cette nouvelle saison 2023\/2024 suivra la m\u00eame trajectoire ! Le forum des associations qui a eu lieu le dimanche 4 septembre au parc St Michel a \u00e9t\u00e9 un grand succ\u00e8s en terme d'affluence [&hellip;]","og_url":"https:\/\/codewithme.fr\/mon_premier_site\/","og_site_name":"mon_premier_site","article_modified_time":"2023-08-29T11:22:25+00:00","twitter_card":"summary_large_image","twitter_misc":{"Dur\u00e9e de lecture estim\u00e9e":"1 minute"},"schema":{"@context":"https:\/\/schema.org","@graph":[{"@type":"WebPage","@id":"https:\/\/codewithme.fr\/mon_premier_site\/","url":"https:\/\/codewithme.fr\/mon_premier_site\/","name":"Accueil - mon_premier_site","isPartOf":{"@id":"http:\/\/codewithme.fr\/mon_premier_site\/#website"},"datePublished":"2023-08-11T13:14:17+00:00","dateModified":"2023-08-29T11:22:25+00:00","breadcrumb":{"@id":"https:\/\/codewithme.fr\/mon_premier_site\/#breadcrumb"},"inLanguage":"fr-FR","potentialAction":[{"@type":"ReadAction","target":["https:\/\/codewithme.fr\/mon_premier_site\/"]}]},{"@type":"BreadcrumbList","@id":"https:\/\/codewithme.fr\/mon_premier_site\/#breadcrumb","itemListElement":[{"@type":"ListItem","position":1,"name":"Accueil","item":"https:\/\/codewithme.fr\/mon_premier_site\/"},{"@type":"ListItem","position":2,"name":"Accueil"}]},{"@type":"WebSite","@id":"http:\/\/codewithme.fr\/mon_premier_site\/#website","url":"http:\/\/codewithme.fr\/mon_premier_site\/","name":"mon_premier_site","description":"","potentialAction":[{"@type":"SearchAction","target":{"@type":"EntryPoint","urlTemplate":"http:\/\/codewithme.fr\/mon_premier_site\/?s={search_term_string}"},"query-input":"required name=search_term_string"}],"inLanguage":"fr-FR"}]}},"_links":{"self":[{"href":"https:\/\/codewithme.fr\/mon_premier_site\/wp-json\/wp\/v2\/pages\/17","targetHints":{"allow":["GET"]}}],"collection":[{"href":"https:\/\/codewithme.fr\/mon_premier_site\/wp-json\/wp\/v2\/pages"}],"about":[{"href":"https:\/\/codewithme.fr\/mon_premier_site\/wp-json\/wp\/v2\/types\/page"}],"author":[{"embeddable":true,"href":"https:\/\/codewithme.fr\/mon_premier_site\/wp-json\/wp\/v2\/users\/1"}],"replies":[{"embeddable":true,"href":"https:\/\/codewithme.fr\/mon_premier_site\/wp-json\/wp\/v2\/comments?post=17"}],"version-history":[{"count":33,"href":"https:\/\/codewithme.fr\/mon_premier_site\/wp-json\/wp\/v2\/pages\/17\/revisions"}],"predecessor-version":[{"id":296,"href":"https:\/\/codewithme.fr\/mon_premier_site\/wp-json\/wp\/v2\/pages\/17\/revisions\/296"}],"wp:attachment":[{"href":"https:\/\/codewithme.fr\/mon_premier_site\/wp-json\/wp\/v2\/media?parent=17"}],"curies":[{"name":"wp","href":"https:\/\/api.w.org\/{rel}","templated":true}]}}