{"id":227,"date":"2023-08-17T20:44:11","date_gmt":"2023-08-17T18:44:11","guid":{"rendered":"https:\/\/codewithme.fr\/mon_premier_site\/?page_id=227"},"modified":"2023-08-27T19:56:12","modified_gmt":"2023-08-27T17:56:12","slug":"rejoignez-nous","status":"publish","type":"page","link":"http:\/\/codewithme.fr\/mon_premier_site\/rejoignez-nous\/","title":{"rendered":"Rejoignez-nous"},"content":{"rendered":"<p>[et_pb_section fb_built=\u00a0\u00bb1&Prime; _builder_version=\u00a0\u00bb4.21.0&Prime; _module_preset=\u00a0\u00bbdefault\u00a0\u00bb bottom_divider_style=\u00a0\u00bbramp\u00a0\u00bb bottom_divider_color=\u00a0\u00bb#E43326&Prime; global_colors_info=\u00a0\u00bb{}\u00a0\u00bb][et_pb_row column_structure=\u00a0\u00bb1_2,1_2&Prime; _builder_version=\u00a0\u00bb4.21.0&Prime; _module_preset=\u00a0\u00bbdefault\u00a0\u00bb global_colors_info=\u00a0\u00bb{}\u00a0\u00bb][et_pb_column type=\u00a0\u00bb1_2&Prime; _builder_version=\u00a0\u00bb4.21.0&Prime; _module_preset=\u00a0\u00bbdefault\u00a0\u00bb global_colors_info=\u00a0\u00bb{}\u00a0\u00bb][et_pb_text _builder_version=\u00a0\u00bb4.22.0&Prime; _module_preset=\u00a0\u00bbdefault\u00a0\u00bb animation_style=\u00a0\u00bbzoom\u00a0\u00bb global_colors_info=\u00a0\u00bb{}\u00a0\u00bb]<\/p>\n<h1><strong><span face=\"verdana, helvetica, sans-serif\">Horaires et tarifs<\/span><\/strong><\/h1>\n<p><strong><span face=\"verdana, helvetica, sans-serif\"><\/span><\/strong><\/p>\n<div class=\"cc-m-hgrid-column\">\n<div id=\"cc-matrix-3149653912\">\n<div id=\"cc-m-11352046812\" class=\"j-module n j-header \">\n<h3 class=\"\" id=\"cc-m-header-11352046812\">Adolescents &amp; adultes<\/h3>\n<\/div>\n<div id=\"cc-m-11352077512\" class=\"j-module n j-hr \">\n<hr \/>\n<\/div>\n<div id=\"cc-m-11352046912\" class=\"j-module n j-text \">\n<div id=\"yui_3_16_0_ym19_1_1485779905126_29672\">\n<p><em><span><strong>Deux s\u00e9ances par semaine<\/strong><\/span><\/em><\/p>\n<ul>\n<li><span>Vendredi 20h-22h (dans la salle d&rsquo;armes)<\/span><\/li>\n<li><span>Dimanche 11h30-13h (dans le dojo)<\/span><\/li>\n<\/ul>\n<p><span>\u00a0<\/span><\/div>\n<\/div>\n<\/div>\n<\/div>\n<div class=\"cc-m-hgrid-separator\" data-display=\"cms-only\">\n<div><\/div>\n<\/div>\n<div class=\"cc-m-hgrid-column\">\n<div id=\"cc-matrix-3149654012\">\n<div id=\"cc-m-11352047012\" class=\"j-module n j-header \">\n<h3 class=\"\" id=\"cc-m-header-11352047012\">Enfants (4-12 ans)<\/h3>\n<\/div>\n<div id=\"cc-m-11947280112\" class=\"j-module n j-spacing \">\n<div class=\"cc-m-spacer\"><\/div>\n<\/div>\n<div id=\"cc-m-11352077612\" class=\"j-module n j-hr \">\n<hr \/>\n<\/div>\n<div id=\"cc-m-11352047112\" class=\"j-module n j-text \">\n<p><span><strong>Une s\u00e9ance par semaine (dans le dojo)<\/strong><\/span><\/p>\n<p><span>\u00a0<\/span><\/p>\n<p><span><em><strong>Pour les enfants de\u00a0 4 et 5 ans<\/strong><\/em><\/span><\/p>\n<ul>\n<li><span>Groupe baby 1: samedi 11h-12h\u00a0<\/span><\/li>\n<li><span>Groupe baby 2: dimanche\u00a0 10H30-11h30\u00a0<\/span><\/li>\n<\/ul>\n<p><span><em><strong>Pour les enfants de 6 \u00e0 12 ans<\/strong><\/em><\/span><\/p>\n<ul>\n<li><span>Samedi 12h-13h\u00a0<\/span><\/li>\n<\/ul>\n<\/div>\n<\/div>\n<\/div>\n<div class=\"cc-m-hgrid-separator\" data-display=\"cms-only\">\n<div><\/div>\n<\/div>\n<div class=\"cc-m-hgrid-column last\">\n<div id=\"cc-matrix-3149654112\">\n<div id=\"cc-m-11352047212\" class=\"j-module n j-header \">\n<h3 class=\"\" id=\"cc-m-header-11352047212\">Tarifs<\/h3>\n<\/div>\n<div id=\"cc-m-11947280312\" class=\"j-module n j-spacing \">\n<div class=\"cc-m-spacer\"><\/div>\n<\/div>\n<div id=\"cc-m-11947280512\" class=\"j-module n j-spacing \">\n<div class=\"cc-m-spacer\"><\/div>\n<\/div>\n<div id=\"cc-m-11352104912\" class=\"j-module n j-hr \">\n<hr \/>\n<\/div>\n<div id=\"cc-m-11352047312\" class=\"j-module n j-text \">\n<ul>\n<li><span><em><strong>Adultes<\/strong><\/em>\u00a0: 210 \u20ac (+35\u20ac pour la tenue)<\/span><\/li>\n<li><span><em><strong>Enfants<\/strong><\/em>\u00a0: 180 \u20ac (+30\u20ac pour la tenue)<\/span>.<\/li>\n<li><span>Possibilit\u00e9 de payer en plusieurs fois ( les ch\u00e8ques sport mairie de Morangis et les ch\u00e8ques ANCV Sport sont accept\u00e9s).<\/span><\/li>\n<\/ul>\n<\/div>\n<\/div>\n<\/div>\n<p>[\/et_pb_text][\/et_pb_column][et_pb_column type=\u00a0\u00bb1_2&Prime; _builder_version=\u00a0\u00bb4.21.0&Prime; _module_preset=\u00a0\u00bbdefault\u00a0\u00bb global_colors_info=\u00a0\u00bb{}\u00a0\u00bb][et_pb_code _builder_version=\u00a0\u00bb4.22.1&Prime; _module_preset=\u00a0\u00bbdefault\u00a0\u00bb hover_enabled=\u00a0\u00bb0&Prime; sticky_enabled=\u00a0\u00bb0&Prime; border_radii=\u00a0\u00bbon|20px|20px|20px|20px\u00a0\u00bb]<iframe src=\"https:\/\/www.google.com\/maps\/embed?pb=!1m18!1m12!1m3!1d2632.952056907213!2d2.3363463767819552!3d48.70639731139034!2m3!1f0!2f0!3f0!3m2!1i1024!2i768!4f13.1!3m3!1m2!1s0x47e67610bc336d23%3A0xa2b0a52a90eab64e!2sGymnase%20Claude%20Bigot!5e0!3m2!1sfr!2sfr!4v1693146182861!5m2!1sfr!2sfr\" width=\"600\" height=\"450\" style=\"border:0;\" allowfullscreen=\"\" loading=\"lazy\" referrerpolicy=\"no-referrer-when-downgrade\"><\/iframe>[\/et_pb_code][\/et_pb_column][\/et_pb_row][\/et_pb_section]<\/p>\n","protected":false},"excerpt":{"rendered":"<p>Horaires et tarifs Adolescents &amp; adultes Deux s\u00e9ances par semaine Vendredi 20h-22h (dans la salle d&rsquo;armes) Dimanche 11h30-13h (dans le dojo) \u00a0 Enfants (4-12 ans) Une s\u00e9ance par semaine (dans le dojo) \u00a0 Pour les enfants de\u00a0 4 et 5 ans Groupe baby 1: samedi 11h-12h\u00a0 Groupe baby 2: dimanche\u00a0 10H30-11h30\u00a0 Pour les enfants de [&hellip;]<\/p>\n","protected":false},"author":1,"featured_media":0,"parent":0,"menu_order":0,"comment_status":"closed","ping_status":"closed","template":"","meta":{"_et_pb_use_builder":"on","_et_pb_old_content":"","_et_gb_content_width":"","footnotes":""},"class_list":["post-227","page","type-page","status-publish","hentry"],"yoast_head":"<!-- This site is optimized with the Yoast SEO plugin v22.4 - https:\/\/yoast.com\/wordpress\/plugins\/seo\/ -->\n<title>Rejoignez-nous - mon_premier_site<\/title>\n<meta name=\"robots\" content=\"index, follow, max-snippet:-1, max-image-preview:large, max-video-preview:-1\" \/>\n<link rel=\"canonical\" href=\"https:\/\/codewithme.fr\/mon_premier_site\/rejoignez-nous\/\" \/>\n<meta property=\"og:locale\" content=\"fr_FR\" \/>\n<meta property=\"og:type\" content=\"article\" \/>\n<meta property=\"og:title\" content=\"Rejoignez-nous - mon_premier_site\" \/>\n<meta property=\"og:description\" content=\"Horaires et tarifs Adolescents &amp; adultes Deux s\u00e9ances par semaine Vendredi 20h-22h (dans la salle d&#039;armes) Dimanche 11h30-13h (dans le dojo) \u00a0 Enfants (4-12 ans) Une s\u00e9ance par semaine (dans le dojo) \u00a0 Pour les enfants de\u00a0 4 et 5 ans Groupe baby 1: samedi 11h-12h\u00a0 Groupe baby 2: dimanche\u00a0 10H30-11h30\u00a0 Pour les enfants de [&hellip;]\" \/>\n<meta property=\"og:url\" content=\"https:\/\/codewithme.fr\/mon_premier_site\/rejoignez-nous\/\" \/>\n<meta property=\"og:site_name\" content=\"mon_premier_site\" \/>\n<meta property=\"article:modified_time\" content=\"2023-08-27T17:56:12+00:00\" \/>\n<meta name=\"twitter:card\" content=\"summary_large_image\" \/>\n<script type=\"application\/ld+json\" class=\"yoast-schema-graph\">{\"@context\":\"https:\/\/schema.org\",\"@graph\":[{\"@type\":\"WebPage\",\"@id\":\"https:\/\/codewithme.fr\/mon_premier_site\/rejoignez-nous\/\",\"url\":\"https:\/\/codewithme.fr\/mon_premier_site\/rejoignez-nous\/\",\"name\":\"Rejoignez-nous - mon_premier_site\",\"isPartOf\":{\"@id\":\"https:\/\/codewithme.fr\/mon_premier_site\/#website\"},\"datePublished\":\"2023-08-17T18:44:11+00:00\",\"dateModified\":\"2023-08-27T17:56:12+00:00\",\"breadcrumb\":{\"@id\":\"https:\/\/codewithme.fr\/mon_premier_site\/rejoignez-nous\/#breadcrumb\"},\"inLanguage\":\"fr-FR\",\"potentialAction\":[{\"@type\":\"ReadAction\",\"target\":[\"https:\/\/codewithme.fr\/mon_premier_site\/rejoignez-nous\/\"]}]},{\"@type\":\"BreadcrumbList\",\"@id\":\"https:\/\/codewithme.fr\/mon_premier_site\/rejoignez-nous\/#breadcrumb\",\"itemListElement\":[{\"@type\":\"ListItem\",\"position\":1,\"name\":\"Accueil\",\"item\":\"https:\/\/codewithme.fr\/mon_premier_site\/\"},{\"@type\":\"ListItem\",\"position\":2,\"name\":\"Rejoignez-nous\"}]},{\"@type\":\"WebSite\",\"@id\":\"https:\/\/codewithme.fr\/mon_premier_site\/#website\",\"url\":\"https:\/\/codewithme.fr\/mon_premier_site\/\",\"name\":\"mon_premier_site\",\"description\":\"\",\"potentialAction\":[{\"@type\":\"SearchAction\",\"target\":{\"@type\":\"EntryPoint\",\"urlTemplate\":\"https:\/\/codewithme.fr\/mon_premier_site\/?s={search_term_string}\"},\"query-input\":\"required name=search_term_string\"}],\"inLanguage\":\"fr-FR\"}]}<\/script>\n<!-- \/ Yoast SEO plugin. -->","yoast_head_json":{"title":"Rejoignez-nous - mon_premier_site","robots":{"index":"index","follow":"follow","max-snippet":"max-snippet:-1","max-image-preview":"max-image-preview:large","max-video-preview":"max-video-preview:-1"},"canonical":"https:\/\/codewithme.fr\/mon_premier_site\/rejoignez-nous\/","og_locale":"fr_FR","og_type":"article","og_title":"Rejoignez-nous - mon_premier_site","og_description":"Horaires et tarifs Adolescents &amp; adultes Deux s\u00e9ances par semaine Vendredi 20h-22h (dans la salle d'armes) Dimanche 11h30-13h (dans le dojo) \u00a0 Enfants (4-12 ans) Une s\u00e9ance par semaine (dans le dojo) \u00a0 Pour les enfants de\u00a0 4 et 5 ans Groupe baby 1: samedi 11h-12h\u00a0 Groupe baby 2: dimanche\u00a0 10H30-11h30\u00a0 Pour les enfants de [&hellip;]","og_url":"https:\/\/codewithme.fr\/mon_premier_site\/rejoignez-nous\/","og_site_name":"mon_premier_site","article_modified_time":"2023-08-27T17:56:12+00:00","twitter_card":"summary_large_image","schema":{"@context":"https:\/\/schema.org","@graph":[{"@type":"WebPage","@id":"https:\/\/codewithme.fr\/mon_premier_site\/rejoignez-nous\/","url":"https:\/\/codewithme.fr\/mon_premier_site\/rejoignez-nous\/","name":"Rejoignez-nous - mon_premier_site","isPartOf":{"@id":"https:\/\/codewithme.fr\/mon_premier_site\/#website"},"datePublished":"2023-08-17T18:44:11+00:00","dateModified":"2023-08-27T17:56:12+00:00","breadcrumb":{"@id":"https:\/\/codewithme.fr\/mon_premier_site\/rejoignez-nous\/#breadcrumb"},"inLanguage":"fr-FR","potentialAction":[{"@type":"ReadAction","target":["https:\/\/codewithme.fr\/mon_premier_site\/rejoignez-nous\/"]}]},{"@type":"BreadcrumbList","@id":"https:\/\/codewithme.fr\/mon_premier_site\/rejoignez-nous\/#breadcrumb","itemListElement":[{"@type":"ListItem","position":1,"name":"Accueil","item":"https:\/\/codewithme.fr\/mon_premier_site\/"},{"@type":"ListItem","position":2,"name":"Rejoignez-nous"}]},{"@type":"WebSite","@id":"https:\/\/codewithme.fr\/mon_premier_site\/#website","url":"https:\/\/codewithme.fr\/mon_premier_site\/","name":"mon_premier_site","description":"","potentialAction":[{"@type":"SearchAction","target":{"@type":"EntryPoint","urlTemplate":"https:\/\/codewithme.fr\/mon_premier_site\/?s={search_term_string}"},"query-input":"required name=search_term_string"}],"inLanguage":"fr-FR"}]}},"_links":{"self":[{"href":"http:\/\/codewithme.fr\/mon_premier_site\/wp-json\/wp\/v2\/pages\/227","targetHints":{"allow":["GET"]}}],"collection":[{"href":"http:\/\/codewithme.fr\/mon_premier_site\/wp-json\/wp\/v2\/pages"}],"about":[{"href":"http:\/\/codewithme.fr\/mon_premier_site\/wp-json\/wp\/v2\/types\/page"}],"author":[{"embeddable":true,"href":"http:\/\/codewithme.fr\/mon_premier_site\/wp-json\/wp\/v2\/users\/1"}],"replies":[{"embeddable":true,"href":"http:\/\/codewithme.fr\/mon_premier_site\/wp-json\/wp\/v2\/comments?post=227"}],"version-history":[{"count":7,"href":"http:\/\/codewithme.fr\/mon_premier_site\/wp-json\/wp\/v2\/pages\/227\/revisions"}],"predecessor-version":[{"id":243,"href":"http:\/\/codewithme.fr\/mon_premier_site\/wp-json\/wp\/v2\/pages\/227\/revisions\/243"}],"wp:attachment":[{"href":"http:\/\/codewithme.fr\/mon_premier_site\/wp-json\/wp\/v2\/media?parent=227"}],"curies":[{"name":"wp","href":"https:\/\/api.w.org\/{rel}","templated":true}]}}